{"id":80,"date":"2025-07-11T07:34:18","date_gmt":"2025-07-11T07:34:18","guid":{"rendered":"https:\/\/hidrotermenergy.com\/?page_id=80"},"modified":"2025-07-12T06:45:22","modified_gmt":"2025-07-12T06:45:22","slug":"bazenska-oprema-podgorica","status":"publish","type":"page","link":"https:\/\/hidrotermenergy.com\/?page_id=80","title":{"rendered":"Bazenska oprema Podgorica"},"content":{"rendered":"<p>[et_pb_section fb_built=&#8221;1&#8243; next_background_color=&#8221;#ffffff&#8221; _builder_version=&#8221;4.27.4&#8243; _module_preset=&#8221;default&#8221; background_color=&#8221;#0C71C3&#8243; use_background_color_gradient=&#8221;on&#8221; background_color_gradient_stops=&#8221;#2b87da 0%|#2db6d8 99%&#8221; background_enable_image=&#8221;off&#8221; custom_padding=&#8221;||66px|||&#8221; bottom_divider_style=&#8221;waves&#8221; bottom_divider_style_tablet=&#8221;waves&#8221; bottom_divider_style_phone=&#8221;none&#8221; bottom_divider_style_last_edited=&#8221;on|phone&#8221; global_colors_info=&#8221;{}&#8221;][et_pb_row _builder_version=&#8221;4.27.4&#8243; _module_preset=&#8221;default&#8221; custom_padding=&#8221;63px|||||&#8221; global_colors_info=&#8221;{}&#8221;][et_pb_column type=&#8221;4_4&#8243; _builder_version=&#8221;4.27.4&#8243; _module_preset=&#8221;default&#8221; global_colors_info=&#8221;{}&#8221;][et_pb_text _builder_version=&#8221;4.27.4&#8243; _module_preset=&#8221;default&#8221; header_font=&#8221;|600|||||||&#8221; header_text_align=&#8221;center&#8221; header_text_color=&#8221;#FFFFFF&#8221; header_font_size=&#8221;50px&#8221; header_2_font=&#8221;|600|||||||&#8221; header_2_text_align=&#8221;center&#8221; header_2_text_color=&#8221;#FFFFFF&#8221; header_2_font_size=&#8221;35px&#8221; global_colors_info=&#8221;{}&#8221;][\/et_pb_text][\/et_pb_column][\/et_pb_row][\/et_pb_section][et_pb_section fb_built=&#8221;1&#8243; _builder_version=&#8221;4.27.4&#8243; _module_preset=&#8221;default&#8221; custom_padding=&#8221;20px||0px|||&#8221; global_colors_info=&#8221;{}&#8221;][et_pb_row _builder_version=&#8221;4.27.4&#8243; _module_preset=&#8221;default&#8221; global_colors_info=&#8221;{}&#8221;][et_pb_column type=&#8221;4_4&#8243; _builder_version=&#8221;4.27.4&#8243; _module_preset=&#8221;default&#8221; global_colors_info=&#8221;{}&#8221;][et_pb_text _builder_version=&#8221;4.27.4&#8243; _module_preset=&#8221;default&#8221; header_font=&#8221;|700|||||||&#8221; header_text_color=&#8221;#0c3b59&#8243; header_font_size=&#8221;50px&#8221; global_colors_info=&#8221;{}&#8221;]<\/p>\n<h1 style=\"text-align: center;\">Bazenska oprema i tehnika Podgorica<\/h1>\n<p>[\/et_pb_text][et_pb_text _builder_version=&#8221;4.27.4&#8243; _module_preset=&#8221;default&#8221; text_text_color=&#8221;#0c3b59&#8243; text_font_size=&#8221;16px&#8221; header_font=&#8221;|600|||||||&#8221; header_text_color=&#8221;#0c3b59&#8243; header_font_size=&#8221;40px&#8221; global_colors_info=&#8221;{}&#8221;]<\/p>\n<p>Bazenska oprema i tehnika Podgorica \u2013 Sve \u0161to vam je potrebno za savr\u0161en bazen<br \/>Tra\u017eite kvalitetnu bazensku opremu u Podgorici? Na pravom ste mjestu! U na\u0161oj ponudi nalazi se \u0161irok asortiman dodatne opreme koja va\u0161em bazenu daje novu dimenziju udobnosti, funkcionalnosti i estetike. Evo \u0161ta sve mo\u017eemo da vam ponudimo:<\/p>\n<p>\ud83d\udca1 LED rasvjeta za bazene<br \/>Savremena LED bazenska rasvjeta danas je standard. Zaboravite na zastarjele halogene reflektore \u2013 uz LED tehnologiju \u0161tedite energiju i u\u017eivate u spektakularnom vizuelnom do\u017eivljaju. U ponudi su jednobojne i RGB (vi\u0161ebojne) varijante koje va\u0161em bazenu daju luksuzni izgled, naro\u010dito tokom ve\u010dernjih sati.<\/p>\n<p>\ud83d\udca7 Automatska dezinfekcija bazenske vode<br \/>Ugradnjom automatskih sistema za dezinfekciju, va\u0161a voda ostaje savr\u0161eno \u010dista bez potrebe za ru\u010dnim dodavanjem hemikalija. Na\u0161i ure\u0111aji precizno prate kvalitet vode i automatski doziraju odgovaraju\u0107e hemikalije \u2013 sigurno, efikasno i bez stresa.<br \/>Firma CWT Podgorica u saradnji sa renomiranim EU proizvo\u0111a\u010dima nudi:<\/p>\n<p>pH korekciju<\/p>\n<p>hlorisanje<\/p>\n<p>bromisanje<\/p>\n<p>UV sterilizaciju<\/p>\n<p>ozonaciju<\/p>\n<p>elektrolizu<\/p>\n<p>Sve prema specifi\u010dnostima va\u0161eg bazena \u2013 zapremini, na\u010dinu upotrebe i \u017eeljenom nivou higijene.<\/p>\n<p>\ud83c\udf00 Bazenske atrakcije i wellness efekti<br \/>Pretvorite va\u0161 bazen u privatni spa centar! Nudimo ure\u0111aje za:<\/p>\n<p>hidromasa\u017eu<\/p>\n<p>protivstrujno plivanje<\/p>\n<p>vodene gejzire<\/p>\n<p>slapove i fontane<\/p>\n<p>Ova bazenska oprema u Podgorici ne samo da pru\u017ea u\u017eivanje i opu\u0161tanje, ve\u0107 dodatno uljep\u0161ava izgled va\u0161eg prostora i podi\u017ee vrijednost objekta.<\/p>\n<p>Za\u0161to izabrati nas?<br \/>\u2705 Profesionalna monta\u017ea i savjetovanje<br \/>\u2705 Brza isporuka bazenske opreme u Podgorici i okolini<br \/>\u2705 Samo provjereni evropski proizvo\u0111a\u010di<br \/>\u2705 Puna tehni\u010dka podr\u0161ka i servis<\/p>\n<p>Bazenska oprema Podgorica \u2013 U\u010dinite va\u0161 bazen modernim, sigurnim i atraktivnim!<br \/>Kontaktirajte nas ve\u0107 danas i saznajte kako da unaprijedite svoje kupali\u0161te uz vrhunsku opremu.<\/p>\n<p>[\/et_pb_text][\/et_pb_column][\/et_pb_row][et_pb_row _builder_version=&#8221;4.27.4&#8243; _module_preset=&#8221;default&#8221; use_custom_gutter=&#8221;on&#8221; gutter_width=&#8221;2&#8243; hover_enabled=&#8221;0&#8243; sticky_enabled=&#8221;0&#8243;][et_pb_column _builder_version=&#8221;4.27.4&#8243; _module_preset=&#8221;default&#8221; type=&#8221;4_4&#8243;][et_pb_gallery _builder_version=&#8221;4.27.4&#8243; _module_preset=&#8221;default&#8221; gallery_ids=&#8221;88,93,91,90,99,106,86,97&#8243; posts_number=&#8221;400&#8243; show_pagination=&#8221;off&#8221; show_title_and_caption=&#8221;off&#8221; hover_enabled=&#8221;0&#8243; sticky_enabled=&#8221;0&#8243;][\/et_pb_gallery][\/et_pb_column][\/et_pb_row][\/et_pb_section][et_pb_section fb_built=&#8221;1&#8243; _builder_version=&#8221;4.27.4&#8243; _module_preset=&#8221;default&#8221; custom_padding=&#8221;30px|||||&#8221; global_colors_info=&#8221;{}&#8221;][\/et_pb_section][et_pb_section fb_built=&#8221;1&#8243; _builder_version=&#8221;4.27.4&#8243; _module_preset=&#8221;default&#8221; background_image=&#8221;https:\/\/hidrotermenergy.com\/wp-content\/uploads\/2025\/07\/pool-services-3-gtr-7q.jpeg&#8221; global_module=&#8221;56&#8243; saved_tabs=&#8221;all&#8221; global_colors_info=&#8221;{}&#8221;][et_pb_row _builder_version=&#8221;4.27.4&#8243; _module_preset=&#8221;default&#8221; global_colors_info=&#8221;{}&#8221;][et_pb_column type=&#8221;4_4&#8243; _builder_version=&#8221;4.27.4&#8243; _module_preset=&#8221;default&#8221; global_colors_info=&#8221;{}&#8221;][et_pb_cta title=&#8221;POZOVITE NAS&#8221; _builder_version=&#8221;4.27.4&#8243; _module_preset=&#8221;default&#8221; header_font=&#8221;|700|||||||&#8221; header_font_size=&#8221;40px&#8221; body_font=&#8221;|600|||||||&#8221; body_font_size=&#8221;25px&#8221; background_color=&#8221;rgba(0,0,0,0.29)&#8221; global_colors_info=&#8221;{}&#8221;]<\/p>\n<p>UVJERITE SE U KVALITET NA\u0160IH INSTALCIJA I OPREME<\/p>\n<p>069 441080 i 069 358 130<\/p>\n<p>&nbsp;<\/p>\n<p>[\/et_pb_cta][\/et_pb_column][\/et_pb_row][\/et_pb_section]<\/p>\n","protected":false},"excerpt":{"rendered":"<p>Bazenska oprema i tehnika PodgoricaBazenska oprema i tehnika Podgorica \u2013 Sve \u0161to vam je potrebno za savr\u0161en bazenTra\u017eite kvalitetnu bazensku opremu u Podgorici? Na pravom ste mjestu! U na\u0161oj ponudi nalazi se \u0161irok asortiman dodatne opreme koja va\u0161em bazenu daje novu dimenziju udobnosti, funkcionalnosti i estetike. Evo \u0161ta sve mo\u017eemo da vam ponudimo: \ud83d\udca1 LED [&hellip;]<\/p>\n","protected":false},"author":1,"featured_media":0,"parent":0,"menu_order":0,"comment_status":"closed","ping_status":"closed","template":"","meta":{"_et_pb_use_builder":"on","_et_pb_old_content":"","_et_gb_content_width":"","footnotes":""},"class_list":["post-80","page","type-page","status-publish","hentry"],"_links":{"self":[{"href":"https:\/\/hidrotermenergy.com\/index.php?rest_route=\/wp\/v2\/pages\/80","targetHints":{"allow":["GET"]}}],"collection":[{"href":"https:\/\/hidrotermenergy.com\/index.php?rest_route=\/wp\/v2\/pages"}],"about":[{"href":"https:\/\/hidrotermenergy.com\/index.php?rest_route=\/wp\/v2\/types\/page"}],"author":[{"embeddable":true,"href":"https:\/\/hidrotermenergy.com\/index.php?rest_route=\/wp\/v2\/users\/1"}],"replies":[{"embeddable":true,"href":"https:\/\/hidrotermenergy.com\/index.php?rest_route=%2Fwp%2Fv2%2Fcomments&post=80"}],"version-history":[{"count":5,"href":"https:\/\/hidrotermenergy.com\/index.php?rest_route=\/wp\/v2\/pages\/80\/revisions"}],"predecessor-version":[{"id":140,"href":"https:\/\/hidrotermenergy.com\/index.php?rest_route=\/wp\/v2\/pages\/80\/revisions\/140"}],"wp:attachment":[{"href":"https:\/\/hidrotermenergy.com\/index.php?rest_route=%2Fwp%2Fv2%2Fmedia&parent=80"}],"curies":[{"name":"wp","href":"https:\/\/api.w.org\/{rel}","templated":true}]}}